{"id":209,"date":"2016-03-11T08:13:48","date_gmt":"2016-03-11T08:13:48","guid":{"rendered":"http:\/\/raratheme.com\/preview\/business-one-page\/?page_id=6"},"modified":"2025-03-17T11:12:24","modified_gmt":"2025-03-17T11:12:24","slug":"home","status":"publish","type":"page","link":"https:\/\/codeit.lv\/en\/","title":{"rendered":"Home"},"content":{"rendered":"<p><strong>Code IT Ltd<\/strong> pied\u0101v\u0101 pla\u0161u <strong>programmat\u016bras izstr\u0101des<\/strong> pakalpojumu kl\u0101stu, kas ietver <strong>t\u012bmek\u013ca lietot\u0146u izstr\u0101di<\/strong>, <strong>mobilo lietot\u0146u izstr\u0101di<\/strong> un <strong>piel\u0101gotu programmat\u016bras risin\u0101jumu<\/strong> izstr\u0101di. <strong>Biznesa procesu automatiz\u0101cija<\/strong> ir viens no galvenajiem uz\u0146\u0113muma pied\u0101v\u0101jumiem, pal\u012bdzot uz\u0146\u0113mumiem optimiz\u0113t darba pl\u016bsmas un uzlabot efektivit\u0101ti ar <strong>individu\u0101li piel\u0101gotiem risin\u0101jumiem<\/strong>.<\/p>\n\n\n\n<p><strong>Cloud Services<\/strong> ir b\u016btisks uz\u0146\u0113muma pied\u0101v\u0101jums, kas nodro\u0161ina uz\u0146\u0113mumiem <strong>m\u0101ko\u0146dator\u0113\u0161anas<\/strong> risin\u0101jumus, kas uzlabo piek\u013cuvi datiem, nodro\u0161ina dro\u0161u glab\u0101\u0161anu un sinhroniz\u0101ciju. <strong>Hosting<\/strong>, ieskaitot <strong>e-pasta hostingu<\/strong> un <strong>m\u0101ko\u0146serveru hostingu<\/strong>, pal\u012bdz uz\u0146\u0113mumiem uztur\u0113t un p\u0101rvald\u012bt savus resursus, nodro\u0161inot augstu pieejam\u012bbu un dro\u0161\u012bbu. <strong>IT infrastrukt\u016bras uztur\u0113\u0161ana<\/strong> ir v\u0113l viena no svar\u012bg\u0101kaj\u0101m <strong>Code IT Ltd<\/strong> jom\u0101m, kas nodro\u0161ina stabilu un dro\u0161u tehnolo\u0123isko vidi uz\u0146\u0113mumiem.<\/p>\n\n\n\n<p><strong>IT System Management<\/strong> nodro\u0161ina ilgtermi\u0146a risin\u0101jumus uz\u0146\u0113mumu IT sist\u0113mu efekt\u012bvai darb\u012bbai, tostarp <strong>sist\u0113mu atjaunin\u0101\u0161anu<\/strong>, <strong>uztur\u0113\u0161anu<\/strong> un <strong>dro\u0161\u012bbu<\/strong>. <strong>IT dro\u0161\u012bba<\/strong> ir \u013coti svar\u012bga, un uz\u0146\u0113mums sniedz <strong>risin\u0101jumus<\/strong>, kas aizsarg\u0101 no kiberuzbrukumiem un cit\u0101m potenci\u0101l\u0101m draudiem.<\/p>\n\n\n\n<p><strong>Tehnolo\u0123isk\u0101s konsult\u0101cijas<\/strong> pal\u012bdz uz\u0146\u0113mumiem izv\u0113l\u0113ties piem\u0113rot\u0101kos risin\u0101jumus katra biznesa vajadz\u012bb\u0101m, pied\u0101v\u0101jot atbalstu gan risin\u0101jumu ievie\u0161an\u0101, gan to uztur\u0113\u0161an\u0101. <strong>Sist\u0113mu integr\u0101cija<\/strong> \u013cauj da\u017e\u0101diem uz\u0146\u0113muma IT risin\u0101jumiem str\u0101d\u0101t kop\u0101, uzlabojot darba efektivit\u0101ti un nodro\u0161inot saska\u0146otu sist\u0113mu darb\u012bbu.<\/p>\n\n\n\n<p><strong>Android lietot\u0146u izstr\u0101de<\/strong> ir v\u0113l viena joma, kur\u0101 <strong>Code IT Ltd<\/strong> ir sp\u0113c\u012bgs tirgus dal\u012bbnieks. Uz\u0146\u0113mums pied\u0101v\u0101 <strong>mobil\u0101s lietotnes<\/strong>, kas tiek piel\u0101gotas katra klienta vajadz\u012bb\u0101m, uzlabojot klientu pieredzi un nodro\u0161inot \u0113rtu piek\u013cuvi uz\u0146\u0113muma pakalpojumiem.<\/p>\n\n\n\n<p><strong>Code IT Ltd<\/strong> pal\u012bdz uz\u0146\u0113mumiem transform\u0113ties digit\u0101laj\u0101 vid\u0113, pied\u0101v\u0101jot risin\u0101jumus, kas veicina <strong>digit\u0101lo transform\u0101ciju<\/strong>, <strong>automatiz\u0113 darba procesus<\/strong> un <strong>uzlabo uz\u0146\u0113mumu konkur\u0113tsp\u0113ju<\/strong>. <strong>Sist\u0113mu p\u0101rvald\u012bba<\/strong> un <strong>datub\u0101zu p\u0101rvald\u012bba<\/strong> ir neat\u0146emama uz\u0146\u0113muma pakalpojumu sast\u0101vda\u013ca, kas nodro\u0161ina, ka uz\u0146\u0113muma dati ir dro\u0161i, pieejami un efekt\u012bvi p\u0101rvald\u012bti.<br><br><strong>Code IT Ltd<\/strong> ir <strong>programmat\u016bras izstr\u0101de<\/strong>, <strong>mobilo lietot\u0146u izstr\u0101de<\/strong>, <strong>IT infrastrukt\u016bras uztur\u0113\u0161ana<\/strong>, <strong>m\u0101ko\u0146pakalpojumi<\/strong>, <strong>hostings<\/strong>, <strong>datorsist\u0113mu apsaimnieko\u0161ana<\/strong>, <strong>tehnolo\u0123isk\u0101s konsult\u0101cijas<\/strong>, <strong>biznesa procesu automatiz\u0101cija<\/strong>, <strong>t\u012bmek\u013ca lietot\u0146u izstr\u0101de<\/strong>, <strong>Android lietot\u0146u izstr\u0101de<\/strong>, <strong>e-pasta hostings<\/strong>, <strong>m\u0101ko\u0146serveru hostings<\/strong>, <strong>sist\u0113mu dro\u0161\u012bba<\/strong>, <strong>sist\u0113mu uztur\u0113\u0161ana<\/strong>, <strong>tehnolo\u0123iskie risin\u0101jumi<\/strong>, <strong>digit\u0101l\u0101 transform\u0101cija<\/strong>, <strong>serveru administr\u0113\u0161ana<\/strong>, <strong>datu dro\u0161\u012bba<\/strong>, <strong>IT infrastrukt\u016bras optimiz\u0101cija<\/strong>, <strong>m\u0101ko\u0146risin\u0101jumi<\/strong>, <strong>t\u012bmek\u013ca risin\u0101jumi<\/strong>, <strong>datu centri<\/strong>, <strong>IT konsult\u0101cijas<\/strong>, <strong>tehnolo\u0123iju att\u012bst\u012bba<\/strong>, <strong>t\u012bmek\u013ca viet\u0146u izstr\u0101de<\/strong>, <strong>uz\u0146\u0113mumu digitaliz\u0101cija<\/strong>, <strong>programmat\u016bras piel\u0101go\u0161ana<\/strong>, <strong>lietu interneta risin\u0101jumi<\/strong>, <strong>datu anal\u012btika<\/strong>, <strong>automatiz\u0113t\u0101s sist\u0113mas<\/strong>, <strong>programmat\u016bras uztur\u0113\u0161ana<\/strong>, <strong>inform\u0101cijas tehnolo\u0123iju risin\u0101jumi<\/strong>, <strong>IT dro\u0161\u012bbas risin\u0101jumi<\/strong>, <strong>m\u0101ko\u0146dato\u0161ana<\/strong>, <strong>datu rezerves kop\u0113\u0161ana<\/strong>, <strong>kiberuzbrukumu aizsardz\u012bba<\/strong>, <strong>serveru uztur\u0113\u0161ana<\/strong>, <strong>t\u012bkla p\u0101rvald\u012bba<\/strong>, <strong>uz\u0146\u0113mumu IT atbalsts<\/strong>, <strong>datu \u0161ifr\u0113\u0161ana<\/strong>, <strong>serveru virtualiz\u0101cija<\/strong>, <strong>tehnolo\u0123iskie pakalpojumi<\/strong>, <strong>IT dro\u0161\u012bbas audits<\/strong>, <strong>lieto\u0161anas pieredzes optimiz\u0101cija<\/strong>, <strong>datu apstr\u0101des risin\u0101jumi<\/strong>, <strong>programmat\u016bras test\u0113\u0161ana<\/strong>, <strong>automatiz\u0113ti procesi<\/strong>, <strong>mobilo aplik\u0101ciju att\u012bst\u012bba<\/strong>, <strong>t\u012bkla infrastrukt\u016bra<\/strong>, <strong>datu dro\u0161\u012bbas risin\u0101jumi<\/strong>, <strong>klientu attiec\u012bbu vad\u012bbas sist\u0113mas<\/strong>, <strong>uz\u0146\u0113mumu resursu pl\u0101no\u0161anas sist\u0113mas<\/strong>, <strong>satura p\u0101rvald\u012bbas sist\u0113mas<\/strong>, <strong>lietu interneta integr\u0101cija<\/strong>, <strong>programmat\u016bras migr\u0101cija<\/strong>, <strong>digit\u0101lie risin\u0101jumi<\/strong>, <strong>sist\u0113mu integr\u0101cija<\/strong>, <strong>e-komercijas risin\u0101jumi<\/strong>, <strong>lietot\u0101ju autentifik\u0101cija<\/strong>, <strong>datub\u0101zu p\u0101rvald\u012bba<\/strong>, <strong>t\u012bkla dro\u0161\u012bba<\/strong>, <strong>automatiz\u0101cijas tehnolo\u0123ijas<\/strong>, <strong>att\u0101lin\u0101tie serveri<\/strong>, <strong>IT infrastrukt\u016bras p\u0101rvald\u012bba<\/strong>, <strong>programmat\u016bras arhitekt\u016bra<\/strong>, <strong>datu vizualiz\u0101cija<\/strong>, <strong>m\u0101ko\u0146platformas<\/strong>, <strong>AI risin\u0101jumi<\/strong>, <strong>datu b\u0101zu optimiz\u0101cija<\/strong>, <strong>e-komercijas platformas<\/strong>, <strong>tehnisk\u0101 atbalsta risin\u0101jumi<\/strong> un <strong>uz\u0146\u0113mumu digitaliz\u0101cijas strat\u0113\u0123ijas<\/strong>.<\/p>","protected":false},"excerpt":{"rendered":"<p>SIA Code IT pied\u0101v\u0101 pla\u0161u programmat\u016bras izstr\u0101des pakalpojumu kl\u0101stu, kas ietver t\u012bmek\u013ca lietot\u0146u izstr\u0101di, mobilo lietot\u0146u izstr\u0101di un piel\u0101gotu programmat\u016bras risin\u0101jumu izstr\u0101di. Biznesa procesu automatiz\u0101cija ir viens no galvenajiem uz\u0146\u0113muma pied\u0101v\u0101jumiem, pal\u012bdzot uz\u0146\u0113mumiem optimiz\u0113t darba pl\u016bsmas un uzlabot efektivit\u0101ti ar &hellip; <\/p>","protected":false},"author":1,"featured_media":615,"parent":0,"menu_order":0,"comment_status":"closed","ping_status":"closed","template":"template-home.php","meta":{"inline_featured_image":false,"footnotes":""},"class_list":["post-209","page","type-page","status-publish","has-post-thumbnail","hentry"],"yoast_head":"<!-- This site is optimized with the Yoast SEO plugin v25.5 - https:\/\/yoast.com\/wordpress\/plugins\/seo\/ -->\n<title>Code It<\/title>\n<meta name=\"description\" content=\"Code IT - programmat\u016bras un mobilo lietot\u0146u izstr\u0101de. Hostinga un m\u0101ko\u0146pakalpojumi. IT sist\u0113mu uztur\u0113\u0161ana un tehnolo\u0123isk\u0101s konsult\u0101cijas.\" \/>\n<meta name=\"robots\" content=\"index, follow, max-snippet:-1, max-image-preview:large, max-video-preview:-1\" \/>\n<link rel=\"canonical\" href=\"https:\/\/codeit.lv\/en\/\" \/>\n<meta property=\"og:locale\" content=\"en_US\" \/>\n<meta property=\"og:type\" content=\"article\" \/>\n<meta property=\"og:title\" content=\"Code It\" \/>\n<meta property=\"og:description\" content=\"Code IT - programmat\u016bras un mobilo lietot\u0146u izstr\u0101de. Hostinga un m\u0101ko\u0146pakalpojumi. IT sist\u0113mu uztur\u0113\u0161ana un tehnolo\u0123isk\u0101s konsult\u0101cijas.\" \/>\n<meta property=\"og:url\" content=\"https:\/\/codeit.lv\/en\/\" \/>\n<meta property=\"og:site_name\" content=\"Code IT\" \/>\n<meta property=\"article:modified_time\" content=\"2025-03-17T11:12:24+00:00\" \/>\n<meta property=\"og:image\" content=\"https:\/\/codeit.lv\/wp-content\/uploads\/2025\/03\/Programmesana-scaled.jpg\" \/>\n\t<meta property=\"og:image:width\" content=\"2560\" \/>\n\t<meta property=\"og:image:height\" content=\"1097\" \/>\n\t<meta property=\"og:image:type\" content=\"image\/jpeg\" \/>\n<meta name=\"twitter:card\" content=\"summary_large_image\" \/>\n<meta name=\"twitter:label1\" content=\"Est. reading time\" \/>\n\t<meta name=\"twitter:data1\" content=\"3 minutes\" \/>\n<script type=\"application\/ld+json\" class=\"yoast-schema-graph\">{\"@context\":\"https:\/\/schema.org\",\"@graph\":[{\"@type\":\"WebPage\",\"@id\":\"https:\/\/codeit.lv\/\",\"url\":\"https:\/\/codeit.lv\/\",\"name\":\"Code It\",\"isPartOf\":{\"@id\":\"https:\/\/codeit.lv\/#website\"},\"primaryImageOfPage\":{\"@id\":\"https:\/\/codeit.lv\/#primaryimage\"},\"image\":{\"@id\":\"https:\/\/codeit.lv\/#primaryimage\"},\"thumbnailUrl\":\"https:\/\/codeit.lv\/wp-content\/uploads\/2025\/03\/Programmesana-scaled.jpg\",\"datePublished\":\"2016-03-11T08:13:48+00:00\",\"dateModified\":\"2025-03-17T11:12:24+00:00\",\"description\":\"Code IT - programmat\u016bras un mobilo lietot\u0146u izstr\u0101de. Hostinga un m\u0101ko\u0146pakalpojumi. IT sist\u0113mu uztur\u0113\u0161ana un tehnolo\u0123isk\u0101s konsult\u0101cijas.\",\"breadcrumb\":{\"@id\":\"https:\/\/codeit.lv\/#breadcrumb\"},\"inLanguage\":\"en-US\",\"potentialAction\":[{\"@type\":\"ReadAction\",\"target\":[\"https:\/\/codeit.lv\/\"]}]},{\"@type\":\"ImageObject\",\"inLanguage\":\"en-US\",\"@id\":\"https:\/\/codeit.lv\/#primaryimage\",\"url\":\"https:\/\/codeit.lv\/wp-content\/uploads\/2025\/03\/Programmesana-scaled.jpg\",\"contentUrl\":\"https:\/\/codeit.lv\/wp-content\/uploads\/2025\/03\/Programmesana-scaled.jpg\",\"width\":2560,\"height\":1097,\"caption\":\"SIA Code IT\"},{\"@type\":\"BreadcrumbList\",\"@id\":\"https:\/\/codeit.lv\/#breadcrumb\",\"itemListElement\":[{\"@type\":\"ListItem\",\"position\":1,\"name\":\"Home\",\"item\":\"https:\/\/codeit.lv\/\"},{\"@type\":\"ListItem\",\"position\":2,\"name\":\"Home\"}]},{\"@type\":\"WebSite\",\"@id\":\"https:\/\/codeit.lv\/#website\",\"url\":\"https:\/\/codeit.lv\/\",\"name\":\"Code IT\",\"description\":\"Programm\u0113\u0161anas un hostinga pakalpojumi\",\"publisher\":{\"@id\":\"https:\/\/codeit.lv\/#organization\"},\"potentialAction\":[{\"@type\":\"SearchAction\",\"target\":{\"@type\":\"EntryPoint\",\"urlTemplate\":\"https:\/\/codeit.lv\/?s={search_term_string}\"},\"query-input\":{\"@type\":\"PropertyValueSpecification\",\"valueRequired\":true,\"valueName\":\"search_term_string\"}}],\"inLanguage\":\"en-US\"},{\"@type\":\"Organization\",\"@id\":\"https:\/\/codeit.lv\/#organization\",\"name\":\"Code IT\",\"url\":\"https:\/\/codeit.lv\/\",\"logo\":{\"@type\":\"ImageObject\",\"inLanguage\":\"en-US\",\"@id\":\"https:\/\/codeit.lv\/#\/schema\/logo\/image\/\",\"url\":\"https:\/\/codeit.lv\/wp-content\/uploads\/2025\/03\/CODE-IT-2025-logo-04.svg\",\"contentUrl\":\"https:\/\/codeit.lv\/wp-content\/uploads\/2025\/03\/CODE-IT-2025-logo-04.svg\",\"width\":54,\"height\":34,\"caption\":\"Code IT\"},\"image\":{\"@id\":\"https:\/\/codeit.lv\/#\/schema\/logo\/image\/\"}}]}<\/script>\n<!-- \/ Yoast SEO plugin. -->","yoast_head_json":{"title":"Code It","description":"Code IT - programmat\u016bras un mobilo lietot\u0146u izstr\u0101de. Hostinga un m\u0101ko\u0146pakalpojumi. IT sist\u0113mu uztur\u0113\u0161ana un tehnolo\u0123isk\u0101s konsult\u0101cijas.","robots":{"index":"index","follow":"follow","max-snippet":"max-snippet:-1","max-image-preview":"max-image-preview:large","max-video-preview":"max-video-preview:-1"},"canonical":"https:\/\/codeit.lv\/en\/","og_locale":"en_US","og_type":"article","og_title":"Code It","og_description":"Code IT - programmat\u016bras un mobilo lietot\u0146u izstr\u0101de. Hostinga un m\u0101ko\u0146pakalpojumi. IT sist\u0113mu uztur\u0113\u0161ana un tehnolo\u0123isk\u0101s konsult\u0101cijas.","og_url":"https:\/\/codeit.lv\/en\/","og_site_name":"Code IT","article_modified_time":"2025-03-17T11:12:24+00:00","og_image":[{"width":2560,"height":1097,"url":"https:\/\/codeit.lv\/wp-content\/uploads\/2025\/03\/Programmesana-scaled.jpg","type":"image\/jpeg"}],"twitter_card":"summary_large_image","twitter_misc":{"Est. reading time":"3 minutes"},"schema":{"@context":"https:\/\/schema.org","@graph":[{"@type":"WebPage","@id":"https:\/\/codeit.lv\/","url":"https:\/\/codeit.lv\/","name":"Code It","isPartOf":{"@id":"https:\/\/codeit.lv\/#website"},"primaryImageOfPage":{"@id":"https:\/\/codeit.lv\/#primaryimage"},"image":{"@id":"https:\/\/codeit.lv\/#primaryimage"},"thumbnailUrl":"https:\/\/codeit.lv\/wp-content\/uploads\/2025\/03\/Programmesana-scaled.jpg","datePublished":"2016-03-11T08:13:48+00:00","dateModified":"2025-03-17T11:12:24+00:00","description":"Code IT - programmat\u016bras un mobilo lietot\u0146u izstr\u0101de. Hostinga un m\u0101ko\u0146pakalpojumi. IT sist\u0113mu uztur\u0113\u0161ana un tehnolo\u0123isk\u0101s konsult\u0101cijas.","breadcrumb":{"@id":"https:\/\/codeit.lv\/#breadcrumb"},"inLanguage":"en-US","potentialAction":[{"@type":"ReadAction","target":["https:\/\/codeit.lv\/"]}]},{"@type":"ImageObject","inLanguage":"en-US","@id":"https:\/\/codeit.lv\/#primaryimage","url":"https:\/\/codeit.lv\/wp-content\/uploads\/2025\/03\/Programmesana-scaled.jpg","contentUrl":"https:\/\/codeit.lv\/wp-content\/uploads\/2025\/03\/Programmesana-scaled.jpg","width":2560,"height":1097,"caption":"SIA Code IT"},{"@type":"BreadcrumbList","@id":"https:\/\/codeit.lv\/#breadcrumb","itemListElement":[{"@type":"ListItem","position":1,"name":"Home","item":"https:\/\/codeit.lv\/"},{"@type":"ListItem","position":2,"name":"Home"}]},{"@type":"WebSite","@id":"https:\/\/codeit.lv\/#website","url":"https:\/\/codeit.lv\/","name":"Code IT","description":"Programm\u0113\u0161anas un hostinga pakalpojumi","publisher":{"@id":"https:\/\/codeit.lv\/#organization"},"potentialAction":[{"@type":"SearchAction","target":{"@type":"EntryPoint","urlTemplate":"https:\/\/codeit.lv\/?s={search_term_string}"},"query-input":{"@type":"PropertyValueSpecification","valueRequired":true,"valueName":"search_term_string"}}],"inLanguage":"en-US"},{"@type":"Organization","@id":"https:\/\/codeit.lv\/#organization","name":"Code IT","url":"https:\/\/codeit.lv\/","logo":{"@type":"ImageObject","inLanguage":"en-US","@id":"https:\/\/codeit.lv\/#\/schema\/logo\/image\/","url":"https:\/\/codeit.lv\/wp-content\/uploads\/2025\/03\/CODE-IT-2025-logo-04.svg","contentUrl":"https:\/\/codeit.lv\/wp-content\/uploads\/2025\/03\/CODE-IT-2025-logo-04.svg","width":54,"height":34,"caption":"Code IT"},"image":{"@id":"https:\/\/codeit.lv\/#\/schema\/logo\/image\/"}}]}},"_links":{"self":[{"href":"https:\/\/codeit.lv\/en\/wp-json\/wp\/v2\/pages\/209","targetHints":{"allow":["GET"]}}],"collection":[{"href":"https:\/\/codeit.lv\/en\/wp-json\/wp\/v2\/pages"}],"about":[{"href":"https:\/\/codeit.lv\/en\/wp-json\/wp\/v2\/types\/page"}],"author":[{"embeddable":true,"href":"https:\/\/codeit.lv\/en\/wp-json\/wp\/v2\/users\/1"}],"replies":[{"embeddable":true,"href":"https:\/\/codeit.lv\/en\/wp-json\/wp\/v2\/comments?post=209"}],"version-history":[{"count":0,"href":"https:\/\/codeit.lv\/en\/wp-json\/wp\/v2\/pages\/209\/revisions"}],"wp:featuredmedia":[{"embeddable":true,"href":"https:\/\/codeit.lv\/en\/wp-json\/wp\/v2\/media\/615"}],"wp:attachment":[{"href":"https:\/\/codeit.lv\/en\/wp-json\/wp\/v2\/media?parent=209"}],"curies":[{"name":"wp","href":"https:\/\/api.w.org\/{rel}","templated":true}]}}